{"id":20,"date":"2021-03-25T14:45:09","date_gmt":"2021-03-25T13:45:09","guid":{"rendered":"http:\/\/ramz.pl\/?page_id=20"},"modified":"2021-04-23T10:04:04","modified_gmt":"2021-04-23T08:04:04","slug":"nasza-oferta-firmowa-ramz-automatyka","status":"publish","type":"page","link":"http:\/\/ramz.pl\/index.php\/nasza-oferta-firmowa-ramz-automatyka\/","title":{"rendered":"Oferta"},"content":{"rendered":"<div id=\"pl-20\"  class=\"panel-layout\" ><div id=\"pg-20-0\"  class=\"panel-grid panel-no-style\" ><div id=\"pgc-20-0-0\"  class=\"panel-grid-cell\" ><div id=\"panel-20-0-0-0\" class=\"so-panel widget widget_sow-editor panel-first-child panel-last-child\" data-index=\"0\" ><div\n\t\t\t\n\t\t\tclass=\"so-widget-sow-editor so-widget-sow-editor-base\"\n\t\t\t\n\t\t>\n<div class=\"siteorigin-widget-tinymce textwidget\">\n\t<div class=\"entry-content\">\n<div id=\"pl-15\" class=\"panel-layout\">\n<div id=\"pg-15-0\" class=\"panel-grid panel-no-style\">\n<div id=\"pgc-15-0-0\" class=\"panel-grid-cell\">\n<div id=\"panel-15-0-0-0\" class=\"so-panel widget widget_sow-editor panel-first-child panel-last-child\" data-index=\"0\">\n<div class=\"so-widget-sow-editor so-widget-sow-editor-base\">\n<div class=\"siteorigin-widget-tinymce textwidget\">\n<p><span style=\"color: #ff0000;\"><strong>RAMZ- Automatyka<\/strong><\/span> jest dystrybutorem cz\u0119\u015bci elektronicznych, elektrycznych i przemys\u0142owych.\u00a0 Zajmujemy si\u0119 handlem komponent\u00f3w automatyki przemys\u0142owej, oraz szeroko poj\u0119t\u0105 dzia\u0142alno\u015bci\u0105 us\u0142ugow\u0105 w zakresie system\u00f3w automatyki przemys\u0142owej\u00a0 na obiektach oraz ocen\u0105 ryzyka i bezpiecze\u0144stwa maszyn oraz projekt\u00f3w i dostosowa\u0144 do wymaga\u0144 zasadniczych i minimalnych odno\u015bnie dyrektyw europejskich dotycz\u0105cych bezpiecze\u0144stwa przy budowie i u\u017cytkowaniu maszyn.<\/p>\n<p>W naszej ofercie posiadamy:<\/p>\n<\/div>\n<\/div>\n<\/div>\n<\/div>\n<\/div>\n<\/div>\n<\/div>\n<\/div>\n<\/div><\/div><\/div><\/div><div id=\"pg-20-1\"  class=\"panel-grid panel-no-style\" ><div id=\"pgc-20-1-0\"  class=\"panel-grid-cell\" ><div id=\"panel-20-1-0-0\" class=\"so-panel widget widget_sow-editor panel-first-child panel-last-child\" data-index=\"1\" ><div\n\t\t\t\n\t\t\tclass=\"so-widget-sow-editor so-widget-sow-editor-base\"\n\t\t\t\n\t\t>\n<div class=\"siteorigin-widget-tinymce textwidget\">\n\t<ul>\n<li>CZUJNIKI BEZPIECZE\u0143STWA<\/li>\n<li>CZUJNIKI INDUKCYJNE<\/li>\n<li>CZUJNIKI POJEMNO\u015aCIOWE<\/li>\n<li>CZUJNIKI ULTRAD\u0179WI\u0118KOWE<\/li>\n<li>CZUJNIKI FOTOELEKTRYCZNE<\/li>\n<li>CZUJNIKI LASEROWE<\/li>\n<li>SYSTEMY BEZPIECZE\u0143STWA MASZYN I URZ\u0104DZE\u0143<\/li>\n<li>SYSTEM Z\u0141\u0104CZ<\/li>\n<li>STEROWNIKI PLC<\/li>\n<li>APARATURA NISKIEGO NAPI\u0118CIA<\/li>\n<li>PRZEMIENNIKI CZ\u0118STOTLIWO\u015aCI, FALOWNIKI<\/li>\n<li>ZASILACZE MODU\u0141OWE<\/li>\n<\/ul>\n<p>&nbsp;<\/p>\n<\/div>\n<\/div><\/div><\/div><div id=\"pgc-20-1-1\"  class=\"panel-grid-cell\" ><div id=\"panel-20-1-1-0\" class=\"so-panel widget widget_sow-editor panel-first-child panel-last-child\" data-index=\"2\" ><div\n\t\t\t\n\t\t\tclass=\"so-widget-sow-editor so-widget-sow-editor-base\"\n\t\t\t\n\t\t>\n<div class=\"siteorigin-widget-tinymce textwidget\">\n\t<ul>\n<li>PRZEKA\u0179NIKI BEZPIECZE\u0143STWA<\/li>\n<li>KURTYNY BEZPIECZE\u0143STWA<\/li>\n<li>MATY BEZPIECZE\u0143STWA<\/li>\n<li>SOFTSTARTY<\/li>\n<li>PANELE OPERATORSKIE<\/li>\n<li>WY\u0141\u0104CZNIKI BEZPIECZE\u0143STWA<\/li>\n<li>KRA\u0143C\u00d3WKI BEZPIECZE\u0143STWA<\/li>\n<li>MOTOREDUKTORY<\/li>\n<li>ENKODERY<\/li>\n<li>SILNIKI<\/li>\n<li>ETHERNET PRZEMYS\u0141OWY<\/li>\n<li>P\u00d3\u0141PRZEWODNIKI<\/li>\n<\/ul>\n<\/div>\n<\/div><\/div><\/div><\/div><div id=\"pg-20-2\"  class=\"panel-grid panel-has-style\" ><div class=\"panel-row-style panel-row-style-for-20-2\" ><div id=\"pgc-20-2-0\"  class=\"panel-grid-cell\" ><div id=\"panel-20-2-0-0\" class=\"so-panel widget widget_sow-image panel-first-child\" data-index=\"3\" ><div\n\t\t\t\n\t\t\tclass=\"so-widget-sow-image so-widget-sow-image-default-8b5b6f678277-20\"\n\t\t\t\n\t\t>\n<div class=\"sow-image-container\">\n\t\t<img \n\tsrc=\"http:\/\/ramz.pl\/wp-content\/uploads\/2021\/04\/f1.jpg\" width=\"200\" height=\"80\" sizes=\"(max-width: 200px) 100vw, 200px\" title=\"oferta\" alt=\"oferta\" \t\tclass=\"so-widget-image\"\/>\n\t<\/div>\n\n<\/div><\/div><div id=\"panel-20-2-0-1\" class=\"so-panel widget widget_sow-image\" data-index=\"4\" ><div\n\t\t\t\n\t\t\tclass=\"so-widget-sow-image so-widget-sow-image-default-8b5b6f678277-20\"\n\t\t\t\n\t\t>\n<div class=\"sow-image-container\">\n\t\t<img \n\tsrc=\"http:\/\/ramz.pl\/wp-content\/uploads\/2021\/04\/f6.jpg\" width=\"200\" height=\"80\" sizes=\"(max-width: 200px) 100vw, 200px\" title=\"oferta\" alt=\"oferta\" \t\tclass=\"so-widget-image\"\/>\n\t<\/div>\n\n<\/div><\/div><div id=\"panel-20-2-0-2\" class=\"so-panel widget widget_sow-image\" data-index=\"5\" ><div\n\t\t\t\n\t\t\tclass=\"so-widget-sow-image so-widget-sow-image-default-8b5b6f678277-20\"\n\t\t\t\n\t\t>\n<div class=\"sow-image-container\">\n\t\t<img \n\tsrc=\"http:\/\/ramz.pl\/wp-content\/uploads\/2021\/04\/f11.jpg\" width=\"200\" height=\"80\" sizes=\"(max-width: 200px) 100vw, 200px\" title=\"oferta\" alt=\"oferta\" \t\tclass=\"so-widget-image\"\/>\n\t<\/div>\n\n<\/div><\/div><div id=\"panel-20-2-0-3\" class=\"so-panel widget widget_sow-image\" data-index=\"6\" ><div\n\t\t\t\n\t\t\tclass=\"so-widget-sow-image so-widget-sow-image-default-8b5b6f678277-20\"\n\t\t\t\n\t\t>\n<div class=\"sow-image-container\">\n\t\t<img \n\tsrc=\"http:\/\/ramz.pl\/wp-content\/uploads\/2021\/04\/f16.jpg\" width=\"200\" height=\"80\" sizes=\"(max-width: 200px) 100vw, 200px\" title=\"oferta\" alt=\"oferta\" \t\tclass=\"so-widget-image\"\/>\n\t<\/div>\n\n<\/div><\/div><div id=\"panel-20-2-0-4\" class=\"so-panel widget widget_sow-image panel-last-child\" data-index=\"7\" ><div\n\t\t\t\n\t\t\tclass=\"so-widget-sow-image so-widget-sow-image-default-8b5b6f678277-20\"\n\t\t\t\n\t\t>\n<div class=\"sow-image-container\">\n\t\t<img \n\tsrc=\"http:\/\/ramz.pl\/wp-content\/uploads\/2021\/04\/f21.jpg\" width=\"200\" height=\"80\" sizes=\"(max-width: 200px) 100vw, 200px\" title=\"oferta\" alt=\"oferta\" \t\tclass=\"so-widget-image\"\/>\n\t<\/div>\n\n<\/div><\/div><\/div><div id=\"pgc-20-2-1\"  class=\"panel-grid-cell\" ><div id=\"panel-20-2-1-0\" class=\"so-panel widget widget_sow-image panel-first-child\" data-index=\"8\" ><div\n\t\t\t\n\t\t\tclass=\"so-widget-sow-image so-widget-sow-image-default-8b5b6f678277-20\"\n\t\t\t\n\t\t>\n<div class=\"sow-image-container\">\n\t\t<img \n\tsrc=\"http:\/\/ramz.pl\/wp-content\/uploads\/2021\/04\/f2.jpg\" width=\"200\" height=\"80\" sizes=\"(max-width: 200px) 100vw, 200px\" title=\"oferta\" alt=\"oferta\" \t\tclass=\"so-widget-image\"\/>\n\t<\/div>\n\n<\/div><\/div><div id=\"panel-20-2-1-1\" class=\"so-panel widget widget_sow-image\" data-index=\"9\" ><div\n\t\t\t\n\t\t\tclass=\"so-widget-sow-image so-widget-sow-image-default-8b5b6f678277-20\"\n\t\t\t\n\t\t>\n<div class=\"sow-image-container\">\n\t\t<img \n\tsrc=\"http:\/\/ramz.pl\/wp-content\/uploads\/2021\/04\/f7.jpg\" width=\"200\" height=\"80\" sizes=\"(max-width: 200px) 100vw, 200px\" title=\"oferta\" alt=\"oferta\" \t\tclass=\"so-widget-image\"\/>\n\t<\/div>\n\n<\/div><\/div><div id=\"panel-20-2-1-2\" class=\"so-panel widget widget_sow-image\" data-index=\"10\" ><div\n\t\t\t\n\t\t\tclass=\"so-widget-sow-image so-widget-sow-image-default-8b5b6f678277-20\"\n\t\t\t\n\t\t>\n<div class=\"sow-image-container\">\n\t\t<img \n\tsrc=\"http:\/\/ramz.pl\/wp-content\/uploads\/2021\/04\/f12.jpg\" width=\"200\" height=\"80\" sizes=\"(max-width: 200px) 100vw, 200px\" title=\"oferta\" alt=\"oferta\" \t\tclass=\"so-widget-image\"\/>\n\t<\/div>\n\n<\/div><\/div><div id=\"panel-20-2-1-3\" class=\"so-panel widget widget_sow-image\" data-index=\"11\" ><div\n\t\t\t\n\t\t\tclass=\"so-widget-sow-image so-widget-sow-image-default-8b5b6f678277-20\"\n\t\t\t\n\t\t>\n<div class=\"sow-image-container\">\n\t\t<img \n\tsrc=\"http:\/\/ramz.pl\/wp-content\/uploads\/2021\/04\/f17.jpg\" width=\"200\" height=\"80\" sizes=\"(max-width: 200px) 100vw, 200px\" title=\"oferta\" alt=\"oferta\" \t\tclass=\"so-widget-image\"\/>\n\t<\/div>\n\n<\/div><\/div><div id=\"panel-20-2-1-4\" class=\"so-panel widget widget_sow-image panel-last-child\" data-index=\"12\" ><div\n\t\t\t\n\t\t\tclass=\"so-widget-sow-image so-widget-sow-image-default-8b5b6f678277-20\"\n\t\t\t\n\t\t>\n<div class=\"sow-image-container\">\n\t\t<img \n\tsrc=\"http:\/\/ramz.pl\/wp-content\/uploads\/2021\/04\/f22.jpg\" width=\"200\" height=\"80\" sizes=\"(max-width: 200px) 100vw, 200px\" title=\"oferta\" alt=\"oferta\" \t\tclass=\"so-widget-image\"\/>\n\t<\/div>\n\n<\/div><\/div><\/div><div id=\"pgc-20-2-2\"  class=\"panel-grid-cell\" ><div id=\"panel-20-2-2-0\" class=\"so-panel widget widget_sow-image panel-first-child\" data-index=\"13\" ><div\n\t\t\t\n\t\t\tclass=\"so-widget-sow-image so-widget-sow-image-default-8b5b6f678277-20\"\n\t\t\t\n\t\t>\n<div class=\"sow-image-container\">\n\t\t<img \n\tsrc=\"http:\/\/ramz.pl\/wp-content\/uploads\/2021\/04\/f3.jpg\" width=\"200\" height=\"80\" sizes=\"(max-width: 200px) 100vw, 200px\" title=\"oferta\" alt=\"oferta\" \t\tclass=\"so-widget-image\"\/>\n\t<\/div>\n\n<\/div><\/div><div id=\"panel-20-2-2-1\" class=\"so-panel widget widget_sow-image\" data-index=\"14\" ><div\n\t\t\t\n\t\t\tclass=\"so-widget-sow-image so-widget-sow-image-default-8b5b6f678277-20\"\n\t\t\t\n\t\t>\n<div class=\"sow-image-container\">\n\t\t<img \n\tsrc=\"http:\/\/ramz.pl\/wp-content\/uploads\/2021\/04\/f9.jpg\" width=\"200\" height=\"80\" sizes=\"(max-width: 200px) 100vw, 200px\" title=\"oferta\" alt=\"oferta\" \t\tclass=\"so-widget-image\"\/>\n\t<\/div>\n\n<\/div><\/div><div id=\"panel-20-2-2-2\" class=\"so-panel widget widget_sow-image\" data-index=\"15\" ><div\n\t\t\t\n\t\t\tclass=\"so-widget-sow-image so-widget-sow-image-default-8b5b6f678277-20\"\n\t\t\t\n\t\t>\n<div class=\"sow-image-container\">\n\t\t<img \n\tsrc=\"http:\/\/ramz.pl\/wp-content\/uploads\/2021\/04\/f13.jpg\" width=\"200\" height=\"80\" sizes=\"(max-width: 200px) 100vw, 200px\" title=\"oferta\" alt=\"oferta\" \t\tclass=\"so-widget-image\"\/>\n\t<\/div>\n\n<\/div><\/div><div id=\"panel-20-2-2-3\" class=\"so-panel widget widget_sow-image\" data-index=\"16\" ><div\n\t\t\t\n\t\t\tclass=\"so-widget-sow-image so-widget-sow-image-default-8b5b6f678277-20\"\n\t\t\t\n\t\t>\n<div class=\"sow-image-container\">\n\t\t<img \n\tsrc=\"http:\/\/ramz.pl\/wp-content\/uploads\/2021\/04\/f18.jpg\" width=\"200\" height=\"80\" sizes=\"(max-width: 200px) 100vw, 200px\" title=\"oferta\" alt=\"oferta\" \t\tclass=\"so-widget-image\"\/>\n\t<\/div>\n\n<\/div><\/div><div id=\"panel-20-2-2-4\" class=\"so-panel widget widget_sow-image panel-last-child\" data-index=\"17\" ><div\n\t\t\t\n\t\t\tclass=\"so-widget-sow-image so-widget-sow-image-default-8b5b6f678277-20\"\n\t\t\t\n\t\t>\n<div class=\"sow-image-container\">\n\t\t<img \n\tsrc=\"http:\/\/ramz.pl\/wp-content\/uploads\/2021\/04\/f23.jpg\" width=\"200\" height=\"80\" sizes=\"(max-width: 200px) 100vw, 200px\" title=\"oferta\" alt=\"oferta\" \t\tclass=\"so-widget-image\"\/>\n\t<\/div>\n\n<\/div><\/div><\/div><div id=\"pgc-20-2-3\"  class=\"panel-grid-cell\" ><div id=\"panel-20-2-3-0\" class=\"so-panel widget widget_sow-image panel-first-child\" data-index=\"18\" ><div\n\t\t\t\n\t\t\tclass=\"so-widget-sow-image so-widget-sow-image-default-8b5b6f678277-20\"\n\t\t\t\n\t\t>\n<div class=\"sow-image-container\">\n\t\t<img \n\tsrc=\"http:\/\/ramz.pl\/wp-content\/uploads\/2021\/04\/f4.jpg\" width=\"200\" height=\"80\" sizes=\"(max-width: 200px) 100vw, 200px\" title=\"oferta\" alt=\"oferta\" \t\tclass=\"so-widget-image\"\/>\n\t<\/div>\n\n<\/div><\/div><div id=\"panel-20-2-3-1\" class=\"so-panel widget widget_sow-image\" data-index=\"19\" ><div\n\t\t\t\n\t\t\tclass=\"so-widget-sow-image so-widget-sow-image-default-8b5b6f678277-20\"\n\t\t\t\n\t\t>\n<div class=\"sow-image-container\">\n\t\t<img \n\tsrc=\"http:\/\/ramz.pl\/wp-content\/uploads\/2021\/04\/f8.jpg\" width=\"200\" height=\"80\" sizes=\"(max-width: 200px) 100vw, 200px\" title=\"oferta\" alt=\"oferta\" \t\tclass=\"so-widget-image\"\/>\n\t<\/div>\n\n<\/div><\/div><div id=\"panel-20-2-3-2\" class=\"so-panel widget widget_sow-image\" data-index=\"20\" ><div\n\t\t\t\n\t\t\tclass=\"so-widget-sow-image so-widget-sow-image-default-8b5b6f678277-20\"\n\t\t\t\n\t\t>\n<div class=\"sow-image-container\">\n\t\t<img \n\tsrc=\"http:\/\/ramz.pl\/wp-content\/uploads\/2021\/04\/f14.jpg\" width=\"200\" height=\"80\" sizes=\"(max-width: 200px) 100vw, 200px\" title=\"oferta\" alt=\"oferta\" \t\tclass=\"so-widget-image\"\/>\n\t<\/div>\n\n<\/div><\/div><div id=\"panel-20-2-3-3\" class=\"so-panel widget widget_sow-image\" data-index=\"21\" ><div\n\t\t\t\n\t\t\tclass=\"so-widget-sow-image so-widget-sow-image-default-8b5b6f678277-20\"\n\t\t\t\n\t\t>\n<div class=\"sow-image-container\">\n\t\t<img \n\tsrc=\"http:\/\/ramz.pl\/wp-content\/uploads\/2021\/04\/f19.jpg\" width=\"200\" height=\"80\" sizes=\"(max-width: 200px) 100vw, 200px\" title=\"oferta\" alt=\"oferta\" \t\tclass=\"so-widget-image\"\/>\n\t<\/div>\n\n<\/div><\/div><div id=\"panel-20-2-3-4\" class=\"so-panel widget widget_sow-image panel-last-child\" data-index=\"22\" ><div\n\t\t\t\n\t\t\tclass=\"so-widget-sow-image so-widget-sow-image-default-8b5b6f678277-20\"\n\t\t\t\n\t\t>\n<div class=\"sow-image-container\">\n\t\t<img \n\tsrc=\"http:\/\/ramz.pl\/wp-content\/uploads\/2021\/04\/f24.jpg\" width=\"200\" height=\"80\" sizes=\"(max-width: 200px) 100vw, 200px\" title=\"oferta\" alt=\"oferta\" \t\tclass=\"so-widget-image\"\/>\n\t<\/div>\n\n<\/div><\/div><\/div><div id=\"pgc-20-2-4\"  class=\"panel-grid-cell\" ><div id=\"panel-20-2-4-0\" class=\"so-panel widget widget_sow-image panel-first-child\" data-index=\"23\" ><div\n\t\t\t\n\t\t\tclass=\"so-widget-sow-image so-widget-sow-image-default-8b5b6f678277-20\"\n\t\t\t\n\t\t>\n<div class=\"sow-image-container\">\n\t\t<img \n\tsrc=\"http:\/\/ramz.pl\/wp-content\/uploads\/2021\/04\/f5.jpg\" width=\"200\" height=\"80\" sizes=\"(max-width: 200px) 100vw, 200px\" title=\"oferta\" alt=\"oferta\" \t\tclass=\"so-widget-image\"\/>\n\t<\/div>\n\n<\/div><\/div><div id=\"panel-20-2-4-1\" class=\"so-panel widget widget_sow-image\" data-index=\"24\" ><div\n\t\t\t\n\t\t\tclass=\"so-widget-sow-image so-widget-sow-image-default-8b5b6f678277-20\"\n\t\t\t\n\t\t>\n<div class=\"sow-image-container\">\n\t\t<img \n\tsrc=\"http:\/\/ramz.pl\/wp-content\/uploads\/2021\/04\/f10.jpg\" width=\"200\" height=\"80\" sizes=\"(max-width: 200px) 100vw, 200px\" title=\"oferta\" alt=\"oferta\" \t\tclass=\"so-widget-image\"\/>\n\t<\/div>\n\n<\/div><\/div><div id=\"panel-20-2-4-2\" class=\"so-panel widget widget_sow-image\" data-index=\"25\" ><div\n\t\t\t\n\t\t\tclass=\"so-widget-sow-image so-widget-sow-image-default-8b5b6f678277-20\"\n\t\t\t\n\t\t>\n<div class=\"sow-image-container\">\n\t\t<img \n\tsrc=\"http:\/\/ramz.pl\/wp-content\/uploads\/2021\/04\/f15.jpg\" width=\"200\" height=\"80\" sizes=\"(max-width: 200px) 100vw, 200px\" title=\"oferta\" alt=\"oferta\" \t\tclass=\"so-widget-image\"\/>\n\t<\/div>\n\n<\/div><\/div><div id=\"panel-20-2-4-3\" class=\"so-panel widget widget_sow-image panel-last-child\" data-index=\"26\" ><div\n\t\t\t\n\t\t\tclass=\"so-widget-sow-image so-widget-sow-image-default-8b5b6f678277-20\"\n\t\t\t\n\t\t>\n<div class=\"sow-image-container\">\n\t\t<img \n\tsrc=\"http:\/\/ramz.pl\/wp-content\/uploads\/2021\/04\/f20.jpg\" width=\"200\" height=\"80\" sizes=\"(max-width: 200px) 100vw, 200px\" title=\"oferta\" alt=\"oferta\" \t\tclass=\"so-widget-image\"\/>\n\t<\/div>\n\n<\/div><\/div><\/div><\/div><\/div><\/div>","protected":false},"excerpt":{"rendered":"<p>RAMZ- Automatyka jest dystrybutorem cz\u0119\u015bci elektronicznych, elektrycznych i przemys\u0142owych.\u00a0 Zajmujemy si\u0119 handlem komponent\u00f3w automatyki przemys\u0142owej, oraz szeroko poj\u0119t\u0105 dzia\u0142alno\u015bci\u0105 us\u0142ugow\u0105 w zakresie system\u00f3w automatyki przemys\u0142owej\u00a0 na obiektach oraz ocen\u0105 ryzyka i bezpiecze\u0144stwa maszyn oraz projekt\u00f3w i dostosowa\u0144 do wymaga\u0144 zasadniczych i minimalnych odno\u015bnie dyrektyw europejskich dotycz\u0105cych bezpiecze\u0144stwa przy budowie i u\u017cytkowaniu maszyn. W naszej ofercie [&hellip;]<\/p>\n","protected":false},"author":1,"featured_media":0,"parent":0,"menu_order":0,"comment_status":"closed","ping_status":"closed","template":"","meta":{"footnotes":""},"class_list":["post-20","page","type-page","status-publish","hentry","post"],"_links":{"self":[{"href":"http:\/\/ramz.pl\/index.php\/wp-json\/wp\/v2\/pages\/20","targetHints":{"allow":["GET"]}}],"collection":[{"href":"http:\/\/ramz.pl\/index.php\/wp-json\/wp\/v2\/pages"}],"about":[{"href":"http:\/\/ramz.pl\/index.php\/wp-json\/wp\/v2\/types\/page"}],"author":[{"embeddable":true,"href":"http:\/\/ramz.pl\/index.php\/wp-json\/wp\/v2\/users\/1"}],"replies":[{"embeddable":true,"href":"http:\/\/ramz.pl\/index.php\/wp-json\/wp\/v2\/comments?post=20"}],"version-history":[{"count":30,"href":"http:\/\/ramz.pl\/index.php\/wp-json\/wp\/v2\/pages\/20\/revisions"}],"predecessor-version":[{"id":198,"href":"http:\/\/ramz.pl\/index.php\/wp-json\/wp\/v2\/pages\/20\/revisions\/198"}],"wp:attachment":[{"href":"http:\/\/ramz.pl\/index.php\/wp-json\/wp\/v2\/media?parent=20"}],"curies":[{"name":"wp","href":"https:\/\/api.w.org\/{rel}","templated":true}]}}